{"id":2744,"date":"2016-09-26T14:48:35","date_gmt":"2016-09-26T12:48:35","guid":{"rendered":"http:\/\/extremama.siostraania.pl\/?page_id=2744"},"modified":"2020-02-20T02:55:26","modified_gmt":"2020-02-20T01:55:26","slug":"media","status":"publish","type":"page","link":"https:\/\/lidiapiechota.com\/blog\/media\/","title":{"rendered":"MEDIA"},"content":{"rendered":"<p><a href=\"https:\/\/lidiapiechota.com\/blog\/wp-content\/uploads\/2016\/09\/IMG_1675.jpg\"><img decoding=\"async\" loading=\"lazy\" class=\"aligncenter size-full wp-image-3013\" src=\"https:\/\/lidiapiechota.com\/blog\/wp-content\/uploads\/2016\/09\/IMG_1675.jpg\" alt=\"\" width=\"960\" height=\"960\" srcset=\"https:\/\/lidiapiechota.com\/blog\/wp-content\/uploads\/2016\/09\/IMG_1675.jpg 960w, https:\/\/lidiapiechota.com\/blog\/wp-content\/uploads\/2016\/09\/IMG_1675-150x150.jpg 150w, https:\/\/lidiapiechota.com\/blog\/wp-content\/uploads\/2016\/09\/IMG_1675-300x300.jpg 300w, https:\/\/lidiapiechota.com\/blog\/wp-content\/uploads\/2016\/09\/IMG_1675-768x768.jpg 768w, https:\/\/lidiapiechota.com\/blog\/wp-content\/uploads\/2016\/09\/IMG_1675-350x350.jpg 350w, https:\/\/lidiapiechota.com\/blog\/wp-content\/uploads\/2016\/09\/IMG_1675-485x485.jpg 485w, https:\/\/lidiapiechota.com\/blog\/wp-content\/uploads\/2016\/09\/IMG_1675-655x655.jpg 655w\" sizes=\"(max-width: 960px) 100vw, 960px\" \/><\/a><\/p>\n<p>Bywamy go\u015b\u0107mi w programach telewizyjnych, piszemy i pokazujemy si\u0119 w mediach. Zobaczcie.<\/p>\n<p>Dzie\u0144 dobry TVN &#8211; <a href=\"https:\/\/dziendobry.tvn.pl\/a\/wrzuc-na-luz-i-zaopiekuj-sie-soba-bedziesz-wtedy-lepsza-mama-i-partnerka\">Zaopiekuj sie sob\u0105 czyli jak mama ma zadba\u0107 o siebie<\/a> &#8211; https:\/\/dziendobry.tvn.pl\/a\/wrzuc-na-luz-i-zaopiekuj-sie-soba-bedziesz-wtedy-lepsza-mama-i-partnerka<\/p>\n<p>Dzie\u0144 dobry TVN &#8211; feat. Kaja Funez-Soko\u0142a &#8211; <a href=\"https:\/\/dziendobry.tvn.pl\/a\/jak-rozsadnie-korzystac-z-internetowych-porad\">jak korzysta\u0107 z internetowych porad<\/a><\/p>\n<p>Dzie\u0144 dobry TVN &#8211; ba\u0142agan w pokoju dziecka &#8211; https:\/\/dziendobry.tvn.pl\/a\/balagan-w-pokoju-dziecka-walka-z-wiatrakami<\/p>\n<p>Dzie\u0144 dobry TVN &#8211; <a href=\"https:\/\/dziendobry.tvn.pl\/a\/jak-byc-dobra-macocha\" target=\"_blank\" rel=\"noopener\">jak by\u0107 dobr\u0105 macoch\u0105?<\/a><\/p>\n<p>Rozmowa o karmieniu piersi\u0105 jako o stylu \u017cycia i bycia &#8211; <a href=\"https:\/\/sisandkids.pl\/lidiapiechota\/\">Sis &amp; Kids<\/a><\/p>\n<p>Wersja <a href=\"https:\/\/www.youtube.com\/watch?v=SBFhUvSW-QQ&amp;feature=youtu.be\" target=\"_blank\" rel=\"noopener\">video wywiadu z Lidi\u0105<\/a> dla e-magazynu Mama w formie<\/p>\n<p><a href=\"https:\/\/issuu.com\/karolina456\/docs\/mama_20w_20formie_20nr2\/12\" target=\"_blank\" rel=\"noopener\">Rozmowa z Lidi\u0105 &#8211; Beauty Ekspert<\/a> w e-magazynie Mama w formie<\/p>\n<p>Mama subiektywnie rozmawia z Lidi\u0105 &#8211; <a href=\"http:\/\/mamasubiektywnie.pl\/lidia-piechota-extremama-wywiad\/\" target=\"_blank\" rel=\"noopener\">cudny wywiad <\/a><\/p>\n<p><a href=\"http:\/\/www.24opole.pl\/25068,Opolanka_gwiazda_TVN_Style,wiadomosc.html\" target=\"_blank\" rel=\"noopener\">Opolanka gwiazda TVN Style<\/a> &#8211; 24opole<\/p>\n<p>ExtreMatka &amp; Lajla <a href=\"http:\/\/pytanienasniadanie.tvp.pl\/30444440\/babeszjoza-objawy-smiertelnej-choroby-twojego-psa\" target=\"_blank\" rel=\"noopener\">o babeszjozie<\/a> &#8211; &#8222;Pytanie na \u015bniadanie&#8221; TVP2<\/p>\n<p><a href=\"http:\/\/pytanienasniadanie.tvp.pl\/30243402\/nauka-jazdy-konnej-dla-dzieci-i-doroslych\" target=\"_blank\" rel=\"noopener\">Maj\u00f3wka nad Pilic\u0105 &#8211; konie <\/a><\/p>\n<p><a href=\"http:\/\/pytanienasniadanie.tvp.pl\/30135841\/majowka-nad-pilica-rowery\" target=\"_blank\" rel=\"noopener\">Maj\u00f3wka nad Pilic\u0105 &#8211; rowery<\/a><\/p>\n<p><a href=\"http:\/\/pytanienasniadanie.tvp.pl\/30135753\/majowka-nad-pilica-kajaki\" target=\"_blank\" rel=\"noopener\">Maj\u00f3wka nad Pilic\u0105<\/a> &#8211; kajaki &#8211;\u00a0 &#8222;Pytanie na \u015bniadanie&#8221; TVP2<\/p>\n<p><a href=\"http:\/\/pytanienasniadanie.tvp.pl\/29342053\/sezon-rowerowy-rozpoczety-rower-elektryczny-dla-leniwych\" target=\"_blank\" rel=\"noopener\">ROWEROWI MY<\/a> feat. <a href=\"http:\/\/airbike.pl\/\" target=\"_blank\" rel=\"noopener\">AIRBike<\/a> &lt;3<\/p>\n<p><a href=\"http:\/\/pytanienasniadanie.tvp.pl\/28694103\/opoznienia-w-mowie-u-dzieci-jak-ja-rozwijac\" target=\"_blank\" rel=\"noopener\">MOWA DZIECKA<\/a> &#8211; o nauce m\u00f3wienia &#8211; Lidia, Zac i przyjaciele<\/p>\n<p><a href=\"http:\/\/pytanienasniadanie.tvp.pl\/28592236\/abc-malowania-wzorkow-na-dzieciecych-buzkach\" target=\"_blank\" rel=\"noopener\">MALOWANIE BUZIEK SMYK\u00d3W<\/a> &#8211; Zac jak tygrysek<\/p>\n<p><a href=\"https:\/\/pytanienasniadanie.tvp.pl\/28307313\/swiateczny-dom-przepiekne-dekoracje\" target=\"_blank\" rel=\"noopener\">\u015awi\u0105teczny dom naszej przyjaci\u00f3\u0142ki Kasi<\/a> &#8211; Katie&#8217;s Happy Clouds<\/p>\n<p><a href=\"http:\/\/pytanienasniadanie.tvp.pl\/27614336\/mama-w-miescie-z-dzieckiem-w-wozku-czy-maja-latwo\" target=\"_blank\" rel=\"noopener\">MAMA Z DZIECKIEM W W\u00d3ZKU<\/a> &#8211; \u0142atwo nie jest; to sport ekstremalny<\/p>\n<p><a href=\"http:\/\/pytanienasniadanie.tvp.pl\/27728571\/jak-dobrac-zimowe-buty-dla-przedszkolaka\" target=\"_blank\" rel=\"noopener\">PYTANIE NA \u015aNIADANIE TVP2 &#8211; jak dobra\u0107 buty na zim\u0119 dla dziecka?<\/a><\/p>\n<p><a href=\"http:\/\/pytanienasniadanie.tvp.pl\/27423810\/mowa-nienawisci-wsrod-rodzicow\" target=\"_blank\" rel=\"noopener\">PYTANIE NA \u015aNIADANIE TVP2 &#8211; co to jest HEJT-PARENTING?<\/a><\/p>\n<p><a href=\"http:\/\/www.rdc.pl\/podcast\/wieczor-rdc-lidia-piechota\/\" target=\"_blank\" rel=\"noopener\">Lidia jako kobieta, nie tylko\/a\u017c mama w (Kobiecym) wieczorze RDC w Radiu Dla Ciebie. Rozmowa z Ani\u0105 Matusiak<\/a>.<\/p>\n<p><a href=\"https:\/\/www.youtube.com\/watch?v=ht8J4u4S-pY\" target=\"_blank\" rel=\"noopener\">Extremama o karmieniu piersi\u0105 w TV Republika<\/a><\/p>\n<p><a href=\"http:\/\/tvnmeteo.tvn24.pl\/archiwum-2015-05-25,1\/ania-lewandowska-zacheca-do-wf-u-nie-szukajmy-wymowek,169482,0.html\" target=\"_blank\" rel=\"noopener\">Rozmowa z Ani\u0105 Lewandowsk\u0105 <\/a>&#8211; TVN<\/p>\n<p><a href=\"http:\/\/tvnmeteo.tvn24.pl\/informacje-pogoda\/active,3023\/flybag-czyli-jedz-i-lec,170620,1,0.html\" target=\"_blank\" rel=\"noopener\">Skok na fly bag na rolkach<\/a> &#8211; TVN<\/p>\n<p>Co to jest <a href=\"http:\/\/tvnmeteo.tvn24.pl\/archiwum-2015-07-23,1\/reporterka-tvn-meteo-active-testuje-plywajaca-deskorolke,174411,0.html\" target=\"_blank\" rel=\"noopener\">WAKESKATE?<\/a> &#8211; TVN<\/p>\n<p><a href=\"http:\/\/tvnmeteo.tvn24.pl\/archiwum-2015-07-23,1\/deskorolkowa-szkolka-dla-rodzica-i-malucha-budujemy-wiez,174339,0.html\" target=\"_blank\" rel=\"noopener\">Deskorolkowa szk\u00f3\u0142ka<\/a> &#8211; TVN<\/p>\n<p>Extremama w <a href=\"http:\/\/mammazine.com.pl\/wydanie-styczen-2014\/\" target=\"_blank\" rel=\"noopener\">Mammazine<\/a> &#8211; str. 9<\/p>\n<p><a href=\"http:\/\/lovewm.pl\/343\" target=\"_blank\" rel=\"noopener\">Lidia Piechota &#8211; LOVE W_M<\/a><\/p>\n<p>Lidia o wi\u0119zi i blisko\u015bci w <a href=\"https:\/\/issuu.com\/kwartalniklaktacyjny\/docs\/kwartalnik_laktacyjny_numer_3_wrzes\/45\" target=\"_blank\" rel=\"noopener\">Kwartalniku Laktacyjnym<\/a><\/p>\n","protected":false},"excerpt":{"rendered":"<p>Bywamy go\u015b\u0107mi w programach telewizyjnych, piszemy i pokazujemy si\u0119 w mediach. Zobaczcie. Dzie\u0144 dobry TVN &#8211; Zaopiekuj sie sob\u0105 czyli jak mama ma zadba\u0107 o siebie &#8211; https:\/\/dziendobry.tvn.pl\/a\/wrzuc-na-luz-i-zaopiekuj-sie-soba-bedziesz-wtedy-lepsza-mama-i-partnerka Dzie\u0144 dobry TVN &#8211; feat. Kaja Funez-Soko\u0142a &#8211; jak korzysta\u0107 z internetowych porad Dzie\u0144 dobry TVN &#8211; ba\u0142agan w pokoju dziecka &#8211; https:\/\/dziendobry.tvn.pl\/a\/balagan-w-pokoju-dziecka-walka-z-wiatrakami Dzie\u0144 dobry TVN &#8211; jak by\u0107 dobr\u0105 macoch\u0105? Rozmowa o karmieniu piersi\u0105 jako o &#8230;<\/p>\n","protected":false},"author":2,"featured_media":0,"parent":0,"menu_order":0,"comment_status":"closed","ping_status":"closed","template":"","meta":{"sfsi_plus_gutenberg_text_before_share":"","sfsi_plus_gutenberg_show_text_before_share":"","sfsi_plus_gutenberg_icon_type":"","sfsi_plus_gutenberg_icon_alignemt":"","sfsi_plus_gutenburg_max_per_row":""},"_links":{"self":[{"href":"https:\/\/lidiapiechota.com\/blog\/wp-json\/wp\/v2\/pages\/2744"}],"collection":[{"href":"https:\/\/lidiapiechota.com\/blog\/wp-json\/wp\/v2\/pages"}],"about":[{"href":"https:\/\/lidiapiechota.com\/blog\/wp-json\/wp\/v2\/types\/page"}],"author":[{"embeddable":true,"href":"https:\/\/lidiapiechota.com\/blog\/wp-json\/wp\/v2\/users\/2"}],"replies":[{"embeddable":true,"href":"https:\/\/lidiapiechota.com\/blog\/wp-json\/wp\/v2\/comments?post=2744"}],"version-history":[{"count":19,"href":"https:\/\/lidiapiechota.com\/blog\/wp-json\/wp\/v2\/pages\/2744\/revisions"}],"predecessor-version":[{"id":4302,"href":"https:\/\/lidiapiechota.com\/blog\/wp-json\/wp\/v2\/pages\/2744\/revisions\/4302"}],"wp:attachment":[{"href":"https:\/\/lidiapiechota.com\/blog\/wp-json\/wp\/v2\/media?parent=2744"}],"curies":[{"name":"wp","href":"https:\/\/api.w.org\/{rel}","templated":true}]}}