{"id":2005,"date":"2016-03-14T12:10:04","date_gmt":"2016-03-14T11:10:04","guid":{"rendered":"http:\/\/extremama.siostraania.pl\/?page_id=2005"},"modified":"2023-04-13T18:52:02","modified_gmt":"2023-04-13T16:52:02","slug":"lidia-piechota","status":"publish","type":"page","link":"https:\/\/lidiapiechota.com\/blog\/lidia-piechota\/","title":{"rendered":"LIDIA"},"content":{"rendered":"<p>Mam na imi\u0119 Lidia. Jestem mam\u0105 Zachariasza. Samodzieln\u0105 mam\u0105, kt\u00f3ra od zawsze przekuwa s\u0142abo\u015bci w si\u0142\u0119. Jaram si\u0119 max jaka to ma moc &lt;3<\/p>\n<p>M\u00f3j syn Zachariasz i ja sporo podr\u00f3\u017cujemy, uprawiamy sporty i poznajemy nowych ludzi. Zac w tym roku sko\u0144czy ju\u017c 11 lat!!!! (serio?!) Ch\u0119tnie opowiadamy o naszej barwnej codzienno\u015bci i spotkaniach z kolorowym \u015bwiatem.<\/p>\n<p>Mieszkamy aktualnie we wsi ko\u0142o Che\u0142mna, gdzie opiekujemy si\u0119 naszymi dwoma psami, trzema kotami, \u017b\u00f3\u0142wiczk\u0105, dwoma (w porywach do trzech) kotami, kt\u00f3re do nas po lokalesku przy\u0142a\u017c\u0105 oraz szczeniakami, dla kt\u00f3rych bywamy domem tymczasowym z ramienia Stowarzyszenia Cztery \u0141apy \u017buromin.<\/p>\n<p>Zac nigdy nie chodzi\u0142 do szko\u0142y, a Jego edukacja domowa wzbudza niema\u0142\u0105 sensacj\u0119 \ud83d\ude09 Zennnn &#8211; Aktualnie uczymy si\u0119 w 4ej klasie Szko\u0142y w Chmurze i ch\u0119tnie opowiadamy o pedagogice alternatywnej. Zasubskrybuj nasz <a href=\"https:\/\/www.youtube.com\/LidiaPiechota\">kana\u0142 na YT<\/a> &#8211; lada chwila nowy odcinek na ten temat.<\/p>\n<p>Zapraszam Was na LIVE na Instagramie &#8212; &gt;&gt;&gt; <a href=\"https:\/\/www.instagram.com\/lidiapiechota\/\">@lidiapiechota<\/a> co \u015brod\u0119 o 21:21.<\/p>\n<p>Dzi\u0119ki temu, jak u\u0142o\u017cy\u0142o si\u0119 moje \u017cycie, potrafi\u0119 codziennie dostrzec co\u015b pozytywnego. Ciesz\u0119 si\u0119 ka\u017cdym dniem i ch\u0119tnie dziel\u0119 si\u0119 z Wami dobr\u0105 energi\u0105. W tym tkwi nasza moc. Mimo pozornych trudno\u015bci, idziemy dalej. Razem. \u017byjemy w zgodzie i harmonii, cho\u0107 \u015bwiat p\u0119dzi i bywa skomplikowany.<\/p>\n<p>Kiedy\u015b uprawia\u0142am sporo sport\u00f3w ekstremalnych (kiedy come back?), z czasem z ExtreMamy sta\u0142am si\u0119 Szamatk\u0105 #ShaMum i szamanie po ca\u0142o\u015bci. Pracuj\u0119 z dzie\u0107mi, kobietami, rodzinami nad dobrostanem, uwa\u017cno\u015bci\u0105 i harmoni\u0105.<\/p>\n<p>Kocham \u015bpiewa\u0107 i do Was m\u00f3wi\u0107 (dzi\u0119ki temu mniej paplam Syniowi ;))) . Zac towarzyszy mi w r\u00f3\u017cnorodnych aktywno\u015bciach oraz podr\u00f3\u017cach po Polsce i \u015bwiecie. Wychowuj\u0119 Zachariasza w zgodzie z natur\u0105 i w\u0142asnym przekonaniem, \u017ce ka\u017cdy ma prawo do oryginalno\u015bci i swoich opinii.<\/p>\n<p><span class=\"text_exposed_show\">&#8222;Ca\u0142e \u017cycie&#8221; <a href=\"https:\/\/www.youtube.com\/watch?v=QYze1nYt6VA\" target=\"_blank\" rel=\"noopener\">pracuj\u0119 w mediach<\/a> i w\u0142a\u015bnie to uwielbiam robi\u0107, cho\u0107 aktualnie szukam swojego miejsca w sieci, a nie telewizji. Jestem dziennikark\u0105, <a href=\"http:\/\/www.tvnstyle.pl\/aktualnosci,1865,n\/zobacz-gwiazdorski-spot-tvn-style,237529.html\" target=\"_blank\" rel=\"noopener\">prezenterk\u0105 TV<\/a>, <a href=\"https:\/\/lidiapiechota.com\/blog\/\" target=\"_blank\" rel=\"noopener\">blogerk\u0105<\/a>, <a href=\"https:\/\/www.youtube.com\/channel\/UCKFWIW4y7Gkd6GigWgluTlw\" target=\"_blank\" rel=\"noopener\">vlogerk\u0105<\/a>. Zac towarzyszy mi w zdobywaniu kolejnych zawodowych szczyt\u00f3w \ud83d\ude09 Opowiadamy o tym na blogu i w naszych social mediach. Zac ma sw\u00f3j profil na Instagramie \ud83d\ude09 &#8212; &gt;&gt;&gt;&gt; <a href=\"https:\/\/www.instagram.com\/zacpiechota\/\">@zacpiechota<\/a><br \/>\n<\/span><\/p>\n<p>A nasze podr\u00f3\u017ce zbieramy tutaj &#8211; <a href=\"https:\/\/www.instagram.com\/poltorapodroznika\/\">@poltorapodroznika<\/a><\/p>\n<p>Okazuje si\u0119, \u017ce codzienno\u015b\u0107 jest pe\u0142na powod\u00f3w do zachwytu i u\u015bmiechu, a pozornie b\u0142ahe sprawy dodaj\u0105 nam energii na d\u0142ugie godziny, dni i tygodnie. Rzecz w tym, \u017ceby umiej\u0119tnie korzysta\u0107 ze swojego potencja\u0142u i nie k\u0142\u00f3ci\u0107 si\u0119 z w\u0142asnym ego.<\/p>\n<p>Chcesz poczu\u0107 si\u0119 dobrze w swojej sk\u00f3rze, we w\u0142asnym \u017cyciu, ze swoimi &#8222;codzienno\u015bciami&#8221;?<\/p>\n<p>Witamy. Zapraszamy. Zara\u017camy \ud83d\ude09<\/p>\n<p><a href=\"http:\/\/extremama.siostraania.pl\/wp-content\/uploads\/2016\/03\/Extremama-Another-Love.jpg\"><img decoding=\"async\" loading=\"lazy\" class=\"aligncenter size-large wp-image-2463\" src=\"http:\/\/extremama.siostraania.pl\/wp-content\/uploads\/2016\/03\/Extremama-Another-Love-1024x765.jpg\" alt=\"Extremama Another Love\" width=\"1024\" height=\"765\" srcset=\"https:\/\/lidiapiechota.com\/blog\/wp-content\/uploads\/2016\/03\/Extremama-Another-Love-1024x765.jpg 1024w, https:\/\/lidiapiechota.com\/blog\/wp-content\/uploads\/2016\/03\/Extremama-Another-Love-300x224.jpg 300w, https:\/\/lidiapiechota.com\/blog\/wp-content\/uploads\/2016\/03\/Extremama-Another-Love-768x574.jpg 768w, https:\/\/lidiapiechota.com\/blog\/wp-content\/uploads\/2016\/03\/Extremama-Another-Love-150x112.jpg 150w, https:\/\/lidiapiechota.com\/blog\/wp-content\/uploads\/2016\/03\/Extremama-Another-Love-350x261.jpg 350w, https:\/\/lidiapiechota.com\/blog\/wp-content\/uploads\/2016\/03\/Extremama-Another-Love-1100x822.jpg 1100w, https:\/\/lidiapiechota.com\/blog\/wp-content\/uploads\/2016\/03\/Extremama-Another-Love-485x362.jpg 485w, https:\/\/lidiapiechota.com\/blog\/wp-content\/uploads\/2016\/03\/Extremama-Another-Love-655x489.jpg 655w, https:\/\/lidiapiechota.com\/blog\/wp-content\/uploads\/2016\/03\/Extremama-Another-Love-1446x1080.jpg 1446w\" sizes=\"(max-width: 1024px) 100vw, 1024px\" \/><\/a><\/p>\n<p><a href=\"https:\/\/lidiapiechota.com\/blog\/wp-content\/uploads\/2023\/04\/Lidia-Piechota-Patronite-14.jpeg\"><img decoding=\"async\" loading=\"lazy\" class=\"aligncenter size-large wp-image-4514\" src=\"https:\/\/lidiapiechota.com\/blog\/wp-content\/uploads\/2023\/04\/Lidia-Piechota-Patronite-14-768x1024.jpeg\" alt=\"patronite.pl\/lidiapiechota\" width=\"768\" height=\"1024\" srcset=\"https:\/\/lidiapiechota.com\/blog\/wp-content\/uploads\/2023\/04\/Lidia-Piechota-Patronite-14-768x1024.jpeg 768w, https:\/\/lidiapiechota.com\/blog\/wp-content\/uploads\/2023\/04\/Lidia-Piechota-Patronite-14-225x300.jpeg 225w, https:\/\/lidiapiechota.com\/blog\/wp-content\/uploads\/2023\/04\/Lidia-Piechota-Patronite-14-1152x1536.jpeg 1152w, https:\/\/lidiapiechota.com\/blog\/wp-content\/uploads\/2023\/04\/Lidia-Piechota-Patronite-14-150x200.jpeg 150w, https:\/\/lidiapiechota.com\/blog\/wp-content\/uploads\/2023\/04\/Lidia-Piechota-Patronite-14-350x467.jpeg 350w, https:\/\/lidiapiechota.com\/blog\/wp-content\/uploads\/2023\/04\/Lidia-Piechota-Patronite-14-1100x1467.jpeg 1100w, https:\/\/lidiapiechota.com\/blog\/wp-content\/uploads\/2023\/04\/Lidia-Piechota-Patronite-14-485x647.jpeg 485w, https:\/\/lidiapiechota.com\/blog\/wp-content\/uploads\/2023\/04\/Lidia-Piechota-Patronite-14-655x873.jpeg 655w, https:\/\/lidiapiechota.com\/blog\/wp-content\/uploads\/2023\/04\/Lidia-Piechota-Patronite-14-810x1080.jpeg 810w, https:\/\/lidiapiechota.com\/blog\/wp-content\/uploads\/2023\/04\/Lidia-Piechota-Patronite-14.jpeg 1500w\" sizes=\"(max-width: 768px) 100vw, 768px\" \/><\/a><\/p>\n<hr \/>\n<p>lidiapiechotateam@gmail.com<\/p>\n","protected":false},"excerpt":{"rendered":"<p>Mam na imi\u0119 Lidia. Jestem mam\u0105 Zachariasza. Samodzieln\u0105 mam\u0105, kt\u00f3ra od zawsze przekuwa s\u0142abo\u015bci w si\u0142\u0119. Jaram si\u0119 max jaka to ma moc &lt;3 M\u00f3j syn Zachariasz i ja sporo podr\u00f3\u017cujemy, uprawiamy sporty i poznajemy nowych ludzi. Zac w tym roku sko\u0144czy ju\u017c 11 lat!!!! (serio?!) Ch\u0119tnie opowiadamy o naszej barwnej codzienno\u015bci i spotkaniach z kolorowym \u015bwiatem. Mieszkamy aktualnie we wsi ko\u0142o Che\u0142mna, gdzie opiekujemy &#8230;<\/p>\n","protected":false},"author":2,"featured_media":0,"parent":0,"menu_order":0,"comment_status":"open","ping_status":"open","template":"","meta":{"sfsi_plus_gutenberg_text_before_share":"","sfsi_plus_gutenberg_show_text_before_share":"","sfsi_plus_gutenberg_icon_type":"","sfsi_plus_gutenberg_icon_alignemt":"","sfsi_plus_gutenburg_max_per_row":""},"_links":{"self":[{"href":"https:\/\/lidiapiechota.com\/blog\/wp-json\/wp\/v2\/pages\/2005"}],"collection":[{"href":"https:\/\/lidiapiechota.com\/blog\/wp-json\/wp\/v2\/pages"}],"about":[{"href":"https:\/\/lidiapiechota.com\/blog\/wp-json\/wp\/v2\/types\/page"}],"author":[{"embeddable":true,"href":"https:\/\/lidiapiechota.com\/blog\/wp-json\/wp\/v2\/users\/2"}],"replies":[{"embeddable":true,"href":"https:\/\/lidiapiechota.com\/blog\/wp-json\/wp\/v2\/comments?post=2005"}],"version-history":[{"count":26,"href":"https:\/\/lidiapiechota.com\/blog\/wp-json\/wp\/v2\/pages\/2005\/revisions"}],"predecessor-version":[{"id":4515,"href":"https:\/\/lidiapiechota.com\/blog\/wp-json\/wp\/v2\/pages\/2005\/revisions\/4515"}],"wp:attachment":[{"href":"https:\/\/lidiapiechota.com\/blog\/wp-json\/wp\/v2\/media?parent=2005"}],"curies":[{"name":"wp","href":"https:\/\/api.w.org\/{rel}","templated":true}]}}